{"id":69,"date":"2024-07-18T19:50:20","date_gmt":"2024-07-18T19:50:20","guid":{"rendered":"https:\/\/www.cegce.org\/?page_id=69"},"modified":"2024-07-29T13:54:07","modified_gmt":"2024-07-29T18:54:07","slug":"areas","status":"publish","type":"page","link":"https:\/\/www.cegce.org\/en\/areas\/","title":{"rendered":"Our Approach"},"content":{"rendered":"<div data-elementor-type=\"wp-page\" data-elementor-id=\"69\" class=\"elementor elementor-69\">\n\t\t\t\t<div class=\"elementor-element elementor-element-e29aeb8 e-con-full e-flex e-con e-parent\" data-id=\"e29aeb8\" data-element_type=\"container\" data-e-type=\"container\" data-settings=\"{&quot;animation&quot;:&quot;none&quot;}\">\n\t\t\t\t<div class=\"elementor-element elementor-element-8fe9816 exad-sticky-section-no exad-glass-effect-no elementor-invisible elementor-widget elementor-widget-image\" data-id=\"8fe9816\" data-element_type=\"widget\" data-e-type=\"widget\" data-settings=\"{&quot;_animation&quot;:&quot;fadeInDown&quot;}\" data-widget_type=\"image.default\">\n\t\t\t\t<div class=\"elementor-widget-container\">\n\t\t\t\t\t\t\t\t\t\t\t\t\t\t\t<img fetchpriority=\"high\" decoding=\"async\" width=\"1920\" height=\"596\" src=\"https:\/\/www.cegce.org\/wp-content\/uploads\/2024\/07\/23-A.jpg\" class=\"attachment-full size-full wp-image-65415\" alt=\"\" srcset=\"https:\/\/www.cegce.org\/wp-content\/uploads\/2024\/07\/23-A.jpg 1920w, https:\/\/www.cegce.org\/wp-content\/uploads\/2024\/07\/23-A-300x93.jpg 300w, https:\/\/www.cegce.org\/wp-content\/uploads\/2024\/07\/23-A-1024x318.jpg 1024w, https:\/\/www.cegce.org\/wp-content\/uploads\/2024\/07\/23-A-768x238.jpg 768w, https:\/\/www.cegce.org\/wp-content\/uploads\/2024\/07\/23-A-1536x477.jpg 1536w\" sizes=\"(max-width: 1920px) 100vw, 1920px\" \/>\t\t\t\t\t\t\t\t\t\t\t\t\t\t\t<\/div>\n\t\t\t\t<\/div>\n\t\t\t\t<div class=\"elementor-element elementor-element-c168366 exad-sticky-section-no exad-glass-effect-no elementor-widget elementor-widget-spacer\" data-id=\"c168366\" data-element_type=\"widget\" data-e-type=\"widget\" data-widget_type=\"spacer.default\">\n\t\t\t\t<div class=\"elementor-widget-container\">\n\t\t\t\t\t\t\t<div class=\"elementor-spacer\">\n\t\t\t<div class=\"elementor-spacer-inner\"><\/div>\n\t\t<\/div>\n\t\t\t\t\t\t<\/div>\n\t\t\t\t<\/div>\n\t\t\t\t<\/div>\n\t\t<div class=\"elementor-element elementor-element-dc04f99 e-flex e-con-boxed e-con e-parent\" data-id=\"dc04f99\" data-element_type=\"container\" data-e-type=\"container\">\n\t\t\t\t\t<div class=\"e-con-inner\">\n\t\t\t\t<div class=\"elementor-element elementor-element-29f92b6 elementor-widget__width-initial exad-sticky-section-no exad-glass-effect-no elementor-widget elementor-widget-heading\" data-id=\"29f92b6\" data-element_type=\"widget\" data-e-type=\"widget\" data-widget_type=\"heading.default\">\n\t\t\t\t<div class=\"elementor-widget-container\">\n\t\t\t\t\t<h2 class=\"elementor-heading-title elementor-size-default\">Our Approach<\/h2>\t\t\t\t<\/div>\n\t\t\t\t<\/div>\n\t\t\t\t<div class=\"elementor-element elementor-element-639bb8b exad-sticky-section-no exad-glass-effect-no elementor-widget elementor-widget-spacer\" data-id=\"639bb8b\" data-element_type=\"widget\" data-e-type=\"widget\" data-widget_type=\"spacer.default\">\n\t\t\t\t<div class=\"elementor-widget-container\">\n\t\t\t\t\t\t\t<div class=\"elementor-spacer\">\n\t\t\t<div class=\"elementor-spacer-inner\"><\/div>\n\t\t<\/div>\n\t\t\t\t\t\t<\/div>\n\t\t\t\t<\/div>\n\t\t<div class=\"elementor-element elementor-element-c4e47c1 e-flex e-con-boxed e-con e-child\" data-id=\"c4e47c1\" data-element_type=\"container\" data-e-type=\"container\">\n\t\t\t\t\t<div class=\"e-con-inner\">\n\t\t<div class=\"elementor-element elementor-element-4597327 e-con-full e-flex e-con e-child\" data-id=\"4597327\" data-element_type=\"container\" data-e-type=\"container\">\n\t\t\t\t<div class=\"elementor-element elementor-element-ea4baad exad-sticky-section-no exad-glass-effect-no elementor-widget elementor-widget-image\" data-id=\"ea4baad\" data-element_type=\"widget\" data-e-type=\"widget\" data-widget_type=\"image.default\">\n\t\t\t\t<div class=\"elementor-widget-container\">\n\t\t\t\t\t\t\t\t\t\t\t\t\t\t\t<img decoding=\"async\" width=\"500\" height=\"333\" src=\"https:\/\/www.cegce.org\/wp-content\/uploads\/2024\/07\/Investigacion-2.jpg\" class=\"attachment-full size-full wp-image-65436\" alt=\"\" srcset=\"https:\/\/www.cegce.org\/wp-content\/uploads\/2024\/07\/Investigacion-2.jpg 500w, https:\/\/www.cegce.org\/wp-content\/uploads\/2024\/07\/Investigacion-2-300x200.jpg 300w\" sizes=\"(max-width: 500px) 100vw, 500px\" \/>\t\t\t\t\t\t\t\t\t\t\t\t\t\t\t<\/div>\n\t\t\t\t<\/div>\n\t\t\t\t<\/div>\n\t\t<div class=\"elementor-element elementor-element-724721b e-con-full e-flex e-con e-child\" data-id=\"724721b\" data-element_type=\"container\" data-e-type=\"container\">\n\t\t\t\t<div class=\"elementor-element elementor-element-a6bcb47 exad-sticky-section-no exad-glass-effect-no elementor-widget elementor-widget-text-editor\" data-id=\"a6bcb47\" data-element_type=\"widget\" data-e-type=\"widget\" data-widget_type=\"text-editor.default\">\n\t\t\t\t<div class=\"elementor-widget-container\">\n\t\t\t\t\t\t\t\t\t<h3 style=\"transition-property: all;\"><span style=\"font-weight: bolder;\">RESEARCH<\/span><\/h3><div style=\"color: #54595f; font-size: 19px;\"><span style=\"font-weight: bolder;\"><span style=\"color: var( --e-global-color-primary ); font-size: 23px; text-align: var(--text-align);\">\u00a0<\/span><\/span><\/div><h4 style=\"transition-property: all;\">We conduct scientific and technical research to generate knowledge and develop innovative solutions in the areas of greenhouse gas (GHG) emissions management, energy efficiency, renewable energy, carbon markets and public policies related to climate change.\u00a0<\/h4>\t\t\t\t\t\t\t\t<\/div>\n\t\t\t\t<\/div>\n\t\t\t\t<div class=\"elementor-element elementor-element-fb17105 exad-sticky-section-no exad-glass-effect-no elementor-widget elementor-widget-spacer\" data-id=\"fb17105\" data-element_type=\"widget\" data-e-type=\"widget\" data-widget_type=\"spacer.default\">\n\t\t\t\t<div class=\"elementor-widget-container\">\n\t\t\t\t\t\t\t<div class=\"elementor-spacer\">\n\t\t\t<div class=\"elementor-spacer-inner\"><\/div>\n\t\t<\/div>\n\t\t\t\t\t\t<\/div>\n\t\t\t\t<\/div>\n\t\t\t\t<\/div>\n\t\t\t\t\t<\/div>\n\t\t\t\t<\/div>\n\t\t<div class=\"elementor-element elementor-element-177f987 e-flex e-con-boxed e-con e-child\" data-id=\"177f987\" data-element_type=\"container\" data-e-type=\"container\">\n\t\t\t\t\t<div class=\"e-con-inner\">\n\t\t<div class=\"elementor-element elementor-element-40fd035 e-con-full e-flex e-con e-child\" data-id=\"40fd035\" data-element_type=\"container\" data-e-type=\"container\">\n\t\t\t\t<div class=\"elementor-element elementor-element-aba6bbf exad-sticky-section-no exad-glass-effect-no elementor-widget elementor-widget-image\" data-id=\"aba6bbf\" data-element_type=\"widget\" data-e-type=\"widget\" data-widget_type=\"image.default\">\n\t\t\t\t<div class=\"elementor-widget-container\">\n\t\t\t\t\t\t\t\t\t\t\t\t\t\t\t<img decoding=\"async\" width=\"500\" height=\"333\" src=\"https:\/\/www.cegce.org\/wp-content\/uploads\/2024\/07\/Ciencia_tec-2.jpg\" class=\"attachment-full size-full wp-image-65444\" alt=\"\" srcset=\"https:\/\/www.cegce.org\/wp-content\/uploads\/2024\/07\/Ciencia_tec-2.jpg 500w, https:\/\/www.cegce.org\/wp-content\/uploads\/2024\/07\/Ciencia_tec-2-300x200.jpg 300w\" sizes=\"(max-width: 500px) 100vw, 500px\" \/>\t\t\t\t\t\t\t\t\t\t\t\t\t\t\t<\/div>\n\t\t\t\t<\/div>\n\t\t\t\t<\/div>\n\t\t<div class=\"elementor-element elementor-element-795b912 e-con-full e-flex e-con e-child\" data-id=\"795b912\" data-element_type=\"container\" data-e-type=\"container\">\n\t\t\t\t<div class=\"elementor-element elementor-element-0d6dc9b exad-sticky-section-no exad-glass-effect-no elementor-widget elementor-widget-text-editor\" data-id=\"0d6dc9b\" data-element_type=\"widget\" data-e-type=\"widget\" data-widget_type=\"text-editor.default\">\n\t\t\t\t<div class=\"elementor-widget-container\">\n\t\t\t\t\t\t\t\t\t<h3 style=\"transition-property: all;\"><span style=\"font-weight: bolder;\">SCIENCE, TECHNOLOGY AND INNOVATION<\/span><\/h3><div style=\"color: #54595f; font-size: 19px;\">\u00a0<\/div><h4 style=\"transition-property: all;\">We foster collaboration with academic and scientific institutions to promote the advancement of knowledge and sustainable practices in energy resources and the control and reduction of carbon emissions.<\/h4>\t\t\t\t\t\t\t\t<\/div>\n\t\t\t\t<\/div>\n\t\t\t\t<div class=\"elementor-element elementor-element-c6d9ad6 exad-sticky-section-no exad-glass-effect-no elementor-widget elementor-widget-spacer\" data-id=\"c6d9ad6\" data-element_type=\"widget\" data-e-type=\"widget\" data-widget_type=\"spacer.default\">\n\t\t\t\t<div class=\"elementor-widget-container\">\n\t\t\t\t\t\t\t<div class=\"elementor-spacer\">\n\t\t\t<div class=\"elementor-spacer-inner\"><\/div>\n\t\t<\/div>\n\t\t\t\t\t\t<\/div>\n\t\t\t\t<\/div>\n\t\t\t\t<\/div>\n\t\t\t\t\t<\/div>\n\t\t\t\t<\/div>\n\t\t<div class=\"elementor-element elementor-element-9b78fdb e-flex e-con-boxed e-con e-child\" data-id=\"9b78fdb\" data-element_type=\"container\" data-e-type=\"container\">\n\t\t\t\t\t<div class=\"e-con-inner\">\n\t\t<div class=\"elementor-element elementor-element-d7bdca8 e-con-full e-flex e-con e-child\" data-id=\"d7bdca8\" data-element_type=\"container\" data-e-type=\"container\">\n\t\t\t\t<div class=\"elementor-element elementor-element-6cf7b44 exad-sticky-section-no exad-glass-effect-no elementor-widget elementor-widget-image\" data-id=\"6cf7b44\" data-element_type=\"widget\" data-e-type=\"widget\" data-widget_type=\"image.default\">\n\t\t\t\t<div class=\"elementor-widget-container\">\n\t\t\t\t\t\t\t\t\t\t\t\t\t\t\t<img loading=\"lazy\" decoding=\"async\" width=\"2400\" height=\"1601\" src=\"https:\/\/www.cegce.org\/wp-content\/uploads\/2024\/07\/Capacidades-1.jpg\" class=\"attachment-full size-full wp-image-65451\" alt=\"\" srcset=\"https:\/\/www.cegce.org\/wp-content\/uploads\/2024\/07\/Capacidades-1.jpg 2400w, https:\/\/www.cegce.org\/wp-content\/uploads\/2024\/07\/Capacidades-1-300x200.jpg 300w, https:\/\/www.cegce.org\/wp-content\/uploads\/2024\/07\/Capacidades-1-1024x683.jpg 1024w, https:\/\/www.cegce.org\/wp-content\/uploads\/2024\/07\/Capacidades-1-768x512.jpg 768w, https:\/\/www.cegce.org\/wp-content\/uploads\/2024\/07\/Capacidades-1-1536x1025.jpg 1536w, https:\/\/www.cegce.org\/wp-content\/uploads\/2024\/07\/Capacidades-1-2048x1366.jpg 2048w\" sizes=\"(max-width: 2400px) 100vw, 2400px\" \/>\t\t\t\t\t\t\t\t\t\t\t\t\t\t\t<\/div>\n\t\t\t\t<\/div>\n\t\t\t\t<\/div>\n\t\t<div class=\"elementor-element elementor-element-43c075f e-con-full e-flex e-con e-child\" data-id=\"43c075f\" data-element_type=\"container\" data-e-type=\"container\">\n\t\t\t\t<div class=\"elementor-element elementor-element-f7b5a5b exad-sticky-section-no exad-glass-effect-no elementor-widget elementor-widget-text-editor\" data-id=\"f7b5a5b\" data-element_type=\"widget\" data-e-type=\"widget\" data-widget_type=\"text-editor.default\">\n\t\t\t\t<div class=\"elementor-widget-container\">\n\t\t\t\t\t\t\t\t\t<h3 style=\"transition-property: all;\"><span style=\"font-weight: bolder;\">CAPACITY BUILDING<\/span><\/h3><div style=\"color: #54595f; font-size: 19px;\">\u00a0<\/div><h4 style=\"transition-property: all;\">We design and implement training and capacity building programs to strengthen the skillsets and tools of different actors in carbon and energy management.<\/h4>\t\t\t\t\t\t\t\t<\/div>\n\t\t\t\t<\/div>\n\t\t\t\t<div class=\"elementor-element elementor-element-ab230a3 exad-sticky-section-no exad-glass-effect-no elementor-widget elementor-widget-spacer\" data-id=\"ab230a3\" data-element_type=\"widget\" data-e-type=\"widget\" data-widget_type=\"spacer.default\">\n\t\t\t\t<div class=\"elementor-widget-container\">\n\t\t\t\t\t\t\t<div class=\"elementor-spacer\">\n\t\t\t<div class=\"elementor-spacer-inner\"><\/div>\n\t\t<\/div>\n\t\t\t\t\t\t<\/div>\n\t\t\t\t<\/div>\n\t\t\t\t<\/div>\n\t\t\t\t\t<\/div>\n\t\t\t\t<\/div>\n\t\t<div class=\"elementor-element elementor-element-d242109 e-flex e-con-boxed e-con e-child\" data-id=\"d242109\" data-element_type=\"container\" data-e-type=\"container\">\n\t\t\t\t\t<div class=\"e-con-inner\">\n\t\t<div class=\"elementor-element elementor-element-54e66f6 e-con-full e-flex e-con e-child\" data-id=\"54e66f6\" data-element_type=\"container\" data-e-type=\"container\">\n\t\t\t\t<div class=\"elementor-element elementor-element-d15086a exad-sticky-section-no exad-glass-effect-no elementor-widget elementor-widget-image\" data-id=\"d15086a\" data-element_type=\"widget\" data-e-type=\"widget\" data-widget_type=\"image.default\">\n\t\t\t\t<div class=\"elementor-widget-container\">\n\t\t\t\t\t\t\t\t\t\t\t\t\t\t\t<img loading=\"lazy\" decoding=\"async\" width=\"500\" height=\"333\" src=\"https:\/\/www.cegce.org\/wp-content\/uploads\/2024\/07\/Asesoria-2.jpg\" class=\"attachment-full size-full wp-image-65452\" alt=\"\" srcset=\"https:\/\/www.cegce.org\/wp-content\/uploads\/2024\/07\/Asesoria-2.jpg 500w, https:\/\/www.cegce.org\/wp-content\/uploads\/2024\/07\/Asesoria-2-300x200.jpg 300w\" sizes=\"(max-width: 500px) 100vw, 500px\" \/>\t\t\t\t\t\t\t\t\t\t\t\t\t\t\t<\/div>\n\t\t\t\t<\/div>\n\t\t\t\t<\/div>\n\t\t<div class=\"elementor-element elementor-element-dfa2ecb e-con-full e-flex e-con e-child\" data-id=\"dfa2ecb\" data-element_type=\"container\" data-e-type=\"container\">\n\t\t\t\t<div class=\"elementor-element elementor-element-0e8f180 exad-sticky-section-no exad-glass-effect-no elementor-widget elementor-widget-text-editor\" data-id=\"0e8f180\" data-element_type=\"widget\" data-e-type=\"widget\" data-widget_type=\"text-editor.default\">\n\t\t\t\t<div class=\"elementor-widget-container\">\n\t\t\t\t\t\t\t\t\t<h3 style=\"transition-property: all;\"><span style=\"font-weight: bolder;\">ADVISORY AND CONSULTANCY<\/span><\/h3><div style=\"color: #54595f;\">\u00a0<\/div><h4 style=\"transition-property: all;\">We provide specialized advice and consulting to governments, companies and other organizations seeking to implement sustainable strategies to address issues related to the efficient management of energy resources and the reduction of the carbon footprint.<\/h4>\t\t\t\t\t\t\t\t<\/div>\n\t\t\t\t<\/div>\n\t\t\t\t<div class=\"elementor-element elementor-element-1516458 exad-sticky-section-no exad-glass-effect-no elementor-widget elementor-widget-spacer\" data-id=\"1516458\" data-element_type=\"widget\" data-e-type=\"widget\" data-widget_type=\"spacer.default\">\n\t\t\t\t<div class=\"elementor-widget-container\">\n\t\t\t\t\t\t\t<div class=\"elementor-spacer\">\n\t\t\t<div class=\"elementor-spacer-inner\"><\/div>\n\t\t<\/div>\n\t\t\t\t\t\t<\/div>\n\t\t\t\t<\/div>\n\t\t\t\t<\/div>\n\t\t\t\t\t<\/div>\n\t\t\t\t<\/div>\n\t\t<div class=\"elementor-element elementor-element-4c8f00d e-flex e-con-boxed e-con e-child\" data-id=\"4c8f00d\" data-element_type=\"container\" data-e-type=\"container\">\n\t\t\t\t\t<div class=\"e-con-inner\">\n\t\t<div class=\"elementor-element elementor-element-9ebcbdc e-con-full e-flex e-con e-child\" data-id=\"9ebcbdc\" data-element_type=\"container\" data-e-type=\"container\">\n\t\t\t\t<div class=\"elementor-element elementor-element-76899d4 exad-sticky-section-no exad-glass-effect-no elementor-widget elementor-widget-image\" data-id=\"76899d4\" data-element_type=\"widget\" data-e-type=\"widget\" data-widget_type=\"image.default\">\n\t\t\t\t<div class=\"elementor-widget-container\">\n\t\t\t\t\t\t\t\t\t\t\t\t\t\t\t<img loading=\"lazy\" decoding=\"async\" width=\"500\" height=\"333\" src=\"https:\/\/www.cegce.org\/wp-content\/uploads\/2024\/07\/promocion_colab-2.jpg\" class=\"attachment-full size-full wp-image-65551\" alt=\"\" srcset=\"https:\/\/www.cegce.org\/wp-content\/uploads\/2024\/07\/promocion_colab-2.jpg 500w, https:\/\/www.cegce.org\/wp-content\/uploads\/2024\/07\/promocion_colab-2-300x200.jpg 300w\" sizes=\"(max-width: 500px) 100vw, 500px\" \/>\t\t\t\t\t\t\t\t\t\t\t\t\t\t\t<\/div>\n\t\t\t\t<\/div>\n\t\t\t\t<\/div>\n\t\t<div class=\"elementor-element elementor-element-0086ebd e-con-full e-flex e-con e-child\" data-id=\"0086ebd\" data-element_type=\"container\" data-e-type=\"container\">\n\t\t\t\t<div class=\"elementor-element elementor-element-ea69c13 exad-sticky-section-no exad-glass-effect-no elementor-widget elementor-widget-text-editor\" data-id=\"ea69c13\" data-element_type=\"widget\" data-e-type=\"widget\" data-widget_type=\"text-editor.default\">\n\t\t\t\t<div class=\"elementor-widget-container\">\n\t\t\t\t\t\t\t\t\t<h3 style=\"transition-property: all;\"><b>PROMOTING COLLABORATION<\/b><\/h3><div style=\"color: #54595f;\">\u00a0<\/div><h4 style=\"transition-property: all;\">We facilitate spaces for dialogue and exchange between different actors to promote collaboration and joint work in the fight against climate change.<\/h4>\t\t\t\t\t\t\t\t<\/div>\n\t\t\t\t<\/div>\n\t\t\t\t<div class=\"elementor-element elementor-element-4763bd5 exad-sticky-section-no exad-glass-effect-no elementor-widget elementor-widget-spacer\" data-id=\"4763bd5\" data-element_type=\"widget\" data-e-type=\"widget\" data-widget_type=\"spacer.default\">\n\t\t\t\t<div class=\"elementor-widget-container\">\n\t\t\t\t\t\t\t<div class=\"elementor-spacer\">\n\t\t\t<div class=\"elementor-spacer-inner\"><\/div>\n\t\t<\/div>\n\t\t\t\t\t\t<\/div>\n\t\t\t\t<\/div>\n\t\t\t\t<\/div>\n\t\t\t\t\t<\/div>\n\t\t\t\t<\/div>\n\t\t\t\t<div class=\"elementor-element elementor-element-35bab97 exad-sticky-section-no exad-glass-effect-no elementor-widget elementor-widget-spacer\" data-id=\"35bab97\" data-element_type=\"widget\" data-e-type=\"widget\" data-widget_type=\"spacer.default\">\n\t\t\t\t<div class=\"elementor-widget-container\">\n\t\t\t\t\t\t\t<div class=\"elementor-spacer\">\n\t\t\t<div class=\"elementor-spacer-inner\"><\/div>\n\t\t<\/div>\n\t\t\t\t\t\t<\/div>\n\t\t\t\t<\/div>\n\t\t\t\t\t<\/div>\n\t\t\t\t<\/div>\n\t\t\t\t<\/div>","protected":false},"excerpt":{"rendered":"<p>Nuestro Enfoque INVESTIGACI\u00d3N \u00a0 Realizamos investigaciones cient\u00edficas y t\u00e9cnicas para generar conocimiento y desarrollar soluciones innovadoras en las \u00e1reas de <span>&#8230;<\/span><\/p>","protected":false},"author":1,"featured_media":0,"parent":0,"menu_order":0,"comment_status":"closed","ping_status":"closed","template":"elementor_header_footer","meta":{"footnotes":""},"class_list":["post-69","page","type-page","status-publish","hentry"],"_links":{"self":[{"href":"https:\/\/www.cegce.org\/en\/wp-json\/wp\/v2\/pages\/69","targetHints":{"allow":["GET"]}}],"collection":[{"href":"https:\/\/www.cegce.org\/en\/wp-json\/wp\/v2\/pages"}],"about":[{"href":"https:\/\/www.cegce.org\/en\/wp-json\/wp\/v2\/types\/page"}],"author":[{"embeddable":true,"href":"https:\/\/www.cegce.org\/en\/wp-json\/wp\/v2\/users\/1"}],"replies":[{"embeddable":true,"href":"https:\/\/www.cegce.org\/en\/wp-json\/wp\/v2\/comments?post=69"}],"version-history":[{"count":104,"href":"https:\/\/www.cegce.org\/en\/wp-json\/wp\/v2\/pages\/69\/revisions"}],"predecessor-version":[{"id":65778,"href":"https:\/\/www.cegce.org\/en\/wp-json\/wp\/v2\/pages\/69\/revisions\/65778"}],"wp:attachment":[{"href":"https:\/\/www.cegce.org\/en\/wp-json\/wp\/v2\/media?parent=69"}],"curies":[{"name":"wp","href":"https:\/\/api.w.org\/{rel}","templated":true}]}}