{"id":67,"date":"2024-07-18T19:49:58","date_gmt":"2024-07-18T19:49:58","guid":{"rendered":"https:\/\/www.cegce.org\/?page_id=67"},"modified":"2026-03-04T12:51:36","modified_gmt":"2026-03-04T17:51:36","slug":"nosotros","status":"publish","type":"page","link":"https:\/\/www.cegce.org\/en\/nosotros\/","title":{"rendered":"Us"},"content":{"rendered":"<div data-elementor-type=\"wp-page\" data-elementor-id=\"67\" class=\"elementor elementor-67\">\n\t\t\t\t<div class=\"elementor-element elementor-element-bd19cc3 e-con-full e-flex e-con e-parent\" data-id=\"bd19cc3\" data-element_type=\"container\" data-e-type=\"container\" data-settings=\"{&quot;animation&quot;:&quot;none&quot;}\">\n\t\t\t\t<div class=\"elementor-element elementor-element-bec1d96 exad-sticky-section-no exad-glass-effect-no elementor-invisible elementor-widget elementor-widget-image\" data-id=\"bec1d96\" data-element_type=\"widget\" data-e-type=\"widget\" data-settings=\"{&quot;_animation&quot;:&quot;fadeInDown&quot;}\" data-widget_type=\"image.default\">\n\t\t\t\t<div class=\"elementor-widget-container\">\n\t\t\t\t\t\t\t\t\t\t\t\t\t\t\t<img fetchpriority=\"high\" decoding=\"async\" width=\"1920\" height=\"596\" src=\"https:\/\/www.cegce.org\/wp-content\/uploads\/2024\/07\/contacto.jpg\" class=\"attachment-full size-full wp-image-65183\" alt=\"\" srcset=\"https:\/\/www.cegce.org\/wp-content\/uploads\/2024\/07\/contacto.jpg 1920w, https:\/\/www.cegce.org\/wp-content\/uploads\/2024\/07\/contacto-300x93.jpg 300w, https:\/\/www.cegce.org\/wp-content\/uploads\/2024\/07\/contacto-1024x318.jpg 1024w, https:\/\/www.cegce.org\/wp-content\/uploads\/2024\/07\/contacto-768x238.jpg 768w, https:\/\/www.cegce.org\/wp-content\/uploads\/2024\/07\/contacto-1536x477.jpg 1536w\" sizes=\"(max-width: 1920px) 100vw, 1920px\" \/>\t\t\t\t\t\t\t\t\t\t\t\t\t\t\t<\/div>\n\t\t\t\t<\/div>\n\t\t\t\t<div class=\"elementor-element elementor-element-5df2535 exad-sticky-section-no exad-glass-effect-no elementor-widget elementor-widget-spacer\" data-id=\"5df2535\" data-element_type=\"widget\" data-e-type=\"widget\" data-widget_type=\"spacer.default\">\n\t\t\t\t<div class=\"elementor-widget-container\">\n\t\t\t\t\t\t\t<div class=\"elementor-spacer\">\n\t\t\t<div class=\"elementor-spacer-inner\"><\/div>\n\t\t<\/div>\n\t\t\t\t\t\t<\/div>\n\t\t\t\t<\/div>\n\t\t\t\t<div class=\"elementor-element elementor-element-abc028f elementor-widget__width-initial exad-sticky-section-no exad-glass-effect-no elementor-widget elementor-widget-heading\" data-id=\"abc028f\" data-element_type=\"widget\" data-e-type=\"widget\" data-widget_type=\"heading.default\">\n\t\t\t\t<div class=\"elementor-widget-container\">\n\t\t\t\t\t<h2 class=\"elementor-heading-title elementor-size-default translation-block\">The Center for Carbon and Energy <br> Management Studies (CEGCE)<\/h2>\t\t\t\t<\/div>\n\t\t\t\t<\/div>\n\t\t\t\t<div class=\"elementor-element elementor-element-6186392 exad-sticky-section-no exad-glass-effect-no elementor-widget elementor-widget-spacer\" data-id=\"6186392\" data-element_type=\"widget\" data-e-type=\"widget\" data-widget_type=\"spacer.default\">\n\t\t\t\t<div class=\"elementor-widget-container\">\n\t\t\t\t\t\t\t<div class=\"elementor-spacer\">\n\t\t\t<div class=\"elementor-spacer-inner\"><\/div>\n\t\t<\/div>\n\t\t\t\t\t\t<\/div>\n\t\t\t\t<\/div>\n\t\t\t\t<div class=\"elementor-element elementor-element-e191035 elementor-widget__width-initial exad-sticky-section-no exad-glass-effect-no elementor-widget elementor-widget-text-editor\" data-id=\"e191035\" data-element_type=\"widget\" data-e-type=\"widget\" data-widget_type=\"text-editor.default\">\n\t\t\t\t<div class=\"elementor-widget-container\">\n\t\t\t\t\t\t\t\t\t<h3><span style=\"color: #666666;\">It is a non-profit organization dedicated to promoting research, dissemination and the development of innovative solutions to address the challenges of climate change and fair energy transition in Colombia and internationally.<\/span><\/h3><h3>\u00a0<\/h3><h3><span style=\"color: #666666;\">We work to generate solid scientific and technological knowledge on carbon and energy management, and to promote the implementation of sustainable public policies and practices that contribute to the mitigation of climate change and the development of a low-carbon energy future.<\/span><\/h3><h3>\u00a0<\/h3><h3><span style=\"color: #666666;\">We promote energy justice as a guiding principle in the management of natural resources and the transition towards a carbon-neutral energy matrix, advocating for the equitable distribution of the benefits and costs associated with the transition, taking into account the contextual realities of each country and region.\u00a0<\/span><\/h3>\t\t\t\t\t\t\t\t<\/div>\n\t\t\t\t<\/div>\n\t\t\t\t<div class=\"elementor-element elementor-element-517248c exad-sticky-section-no exad-glass-effect-no elementor-widget elementor-widget-spacer\" data-id=\"517248c\" data-element_type=\"widget\" data-e-type=\"widget\" data-widget_type=\"spacer.default\">\n\t\t\t\t<div class=\"elementor-widget-container\">\n\t\t\t\t\t\t\t<div class=\"elementor-spacer\">\n\t\t\t<div class=\"elementor-spacer-inner\"><\/div>\n\t\t<\/div>\n\t\t\t\t\t\t<\/div>\n\t\t\t\t<\/div>\n\t\t\t\t<div class=\"elementor-element elementor-element-5dac70c elementor-widget__width-initial exad-sticky-section-no exad-glass-effect-no elementor-widget elementor-widget-heading\" data-id=\"5dac70c\" data-element_type=\"widget\" data-e-type=\"widget\" data-widget_type=\"heading.default\">\n\t\t\t\t<div class=\"elementor-widget-container\">\n\t\t\t\t\t<h2 class=\"elementor-heading-title elementor-size-default\">Our Team<\/h2>\t\t\t\t<\/div>\n\t\t\t\t<\/div>\n\t\t\t\t<div class=\"elementor-element elementor-element-ec10124 exad-sticky-section-no exad-glass-effect-no elementor-widget elementor-widget-spacer\" data-id=\"ec10124\" data-element_type=\"widget\" data-e-type=\"widget\" data-widget_type=\"spacer.default\">\n\t\t\t\t<div class=\"elementor-widget-container\">\n\t\t\t\t\t\t\t<div class=\"elementor-spacer\">\n\t\t\t<div class=\"elementor-spacer-inner\"><\/div>\n\t\t<\/div>\n\t\t\t\t\t\t<\/div>\n\t\t\t\t<\/div>\n\t\t\t\t<\/div>\n\t\t<div class=\"elementor-element elementor-element-ee373f9 e-flex e-con-boxed e-con e-parent\" data-id=\"ee373f9\" data-element_type=\"container\" data-e-type=\"container\">\n\t\t\t\t\t<div class=\"e-con-inner\">\n\t\t<div class=\"elementor-element elementor-element-3680e64 e-con-full e-flex e-con e-child\" data-id=\"3680e64\" data-element_type=\"container\" data-e-type=\"container\">\n\t\t\t\t<div class=\"elementor-element elementor-element-19eafdb exad-sticky-section-no exad-glass-effect-no elementor-widget elementor-widget-image\" data-id=\"19eafdb\" data-element_type=\"widget\" data-e-type=\"widget\" data-widget_type=\"image.default\">\n\t\t\t\t<div class=\"elementor-widget-container\">\n\t\t\t\t\t\t\t\t\t\t\t\t\t\t\t<img decoding=\"async\" width=\"280\" height=\"456\" src=\"https:\/\/www.cegce.org\/wp-content\/uploads\/2024\/09\/zamora.jpg\" class=\"attachment-full size-full wp-image-65939\" alt=\"\" srcset=\"https:\/\/www.cegce.org\/wp-content\/uploads\/2024\/09\/zamora.jpg 280w, https:\/\/www.cegce.org\/wp-content\/uploads\/2024\/09\/zamora-184x300.jpg 184w, https:\/\/www.cegce.org\/wp-content\/uploads\/2024\/09\/zamora-7x12.jpg 7w\" sizes=\"(max-width: 280px) 100vw, 280px\" \/>\t\t\t\t\t\t\t\t\t\t\t\t\t\t\t<\/div>\n\t\t\t\t<\/div>\n\t\t\t\t<\/div>\n\t\t<div class=\"elementor-element elementor-element-2e7d6be e-con-full e-flex e-con e-child\" data-id=\"2e7d6be\" data-element_type=\"container\" data-e-type=\"container\">\n\t\t\t\t<div class=\"elementor-element elementor-element-feb81aa exad-sticky-section-no exad-glass-effect-no elementor-widget elementor-widget-text-editor\" data-id=\"feb81aa\" data-element_type=\"widget\" data-e-type=\"widget\" data-widget_type=\"text-editor.default\">\n\t\t\t\t<div class=\"elementor-widget-container\">\n\t\t\t\t\t\t\t\t\t<h4>MSc and PhD in Nuclear Engineering from the Massachusetts Institute of Technology (MIT) and MBA from the IMD business school in Lausanne (Switzerland). He is a mechanical engineer and a specialist in High Government from the Universidad de los Andes in Colombia.<\/h4><h4>\u00a0<\/h4><h4>He has served as president of the National Hydrocarbons Agency of Colombia on two occasions. He was its first general director for 8 years, from its creation in 2003 until 2011. And then, he served as president of the entity from March 2020 to September 2022.\u00a0<\/h4><h4>\u00a0<\/h4><h4>He has served as Senior Advisor to Accenture Strategy Energy, Schlumberger Business Consulting, Senior Consultant to the Boston Consulting Group (BCG), the Inter-American Development Bank (IDB), the World Bank, the International Monetary Fund and the International Finance Corporation. Previously, he was a director at ILEX Energy Consulting in Oxford (England).<\/h4><h4>\u00a0<\/h4><h4>He has been a researcher and honorary professor at the Centre for Energy, Petroleum and Mining Studies at the University of Dundee (Scotland), where he was Deputy Director.<\/h4>\t\t\t\t\t\t\t\t<\/div>\n\t\t\t\t<\/div>\n\t\t\t\t<\/div>\n\t\t\t\t\t<\/div>\n\t\t\t\t<\/div>\n\t\t<div class=\"elementor-element elementor-element-51c0b27 e-flex e-con-boxed e-con e-parent\" data-id=\"51c0b27\" data-element_type=\"container\" data-e-type=\"container\">\n\t\t\t\t\t<div class=\"e-con-inner\">\n\t\t\t\t<div class=\"elementor-element elementor-element-45cbbc6 elementor-widget__width-initial elementor-widget-divider--view-line exad-sticky-section-no exad-glass-effect-no elementor-widget elementor-widget-divider\" data-id=\"45cbbc6\" data-element_type=\"widget\" data-e-type=\"widget\" data-widget_type=\"divider.default\">\n\t\t\t\t<div class=\"elementor-widget-container\">\n\t\t\t\t\t\t\t<div class=\"elementor-divider\">\n\t\t\t<span class=\"elementor-divider-separator\">\n\t\t\t\t\t\t<\/span>\n\t\t<\/div>\n\t\t\t\t\t\t<\/div>\n\t\t\t\t<\/div>\n\t\t\t\t\t<\/div>\n\t\t\t\t<\/div>\n\t\t<div class=\"elementor-element elementor-element-b126b01 e-flex e-con-boxed e-con e-parent\" data-id=\"b126b01\" data-element_type=\"container\" data-e-type=\"container\">\n\t\t\t\t\t<div class=\"e-con-inner\">\n\t\t<div class=\"elementor-element elementor-element-0febae6 e-con-full e-flex e-con e-child\" data-id=\"0febae6\" data-element_type=\"container\" data-e-type=\"container\">\n\t\t\t\t<div class=\"elementor-element elementor-element-79ebed8 exad-sticky-section-no exad-glass-effect-no elementor-widget elementor-widget-image\" data-id=\"79ebed8\" data-element_type=\"widget\" data-e-type=\"widget\" data-widget_type=\"image.default\">\n\t\t\t\t<div class=\"elementor-widget-container\">\n\t\t\t\t\t\t\t\t\t\t\t\t\t\t\t<img decoding=\"async\" width=\"281\" height=\"456\" src=\"https:\/\/www.cegce.org\/wp-content\/uploads\/2024\/09\/nino.jpg\" class=\"attachment-full size-full wp-image-65940\" alt=\"\" srcset=\"https:\/\/www.cegce.org\/wp-content\/uploads\/2024\/09\/nino.jpg 281w, https:\/\/www.cegce.org\/wp-content\/uploads\/2024\/09\/nino-185x300.jpg 185w, https:\/\/www.cegce.org\/wp-content\/uploads\/2024\/09\/nino-7x12.jpg 7w\" sizes=\"(max-width: 281px) 100vw, 281px\" \/>\t\t\t\t\t\t\t\t\t\t\t\t\t\t\t<\/div>\n\t\t\t\t<\/div>\n\t\t\t\t<\/div>\n\t\t<div class=\"elementor-element elementor-element-ac42fdb e-con-full e-flex e-con e-child\" data-id=\"ac42fdb\" data-element_type=\"container\" data-e-type=\"container\">\n\t\t\t\t<div class=\"elementor-element elementor-element-29327df exad-sticky-section-no exad-glass-effect-no elementor-widget elementor-widget-text-editor\" data-id=\"29327df\" data-element_type=\"widget\" data-e-type=\"widget\" data-widget_type=\"text-editor.default\">\n\t\t\t\t<div class=\"elementor-widget-container\">\n\t\t\t\t\t\t\t\t\t<h4 style=\"transition-property: all;\">LLM from the University of Dundee (Scotland). MSc in Economics from the Universidad de los Andes in Colombia, and Lawyer and Economist from the same university. He has a specialization in Corporate Finance from the Colegio de Estudios Superiores de Administraci\u00f3n de Colombia (ESAP).<\/h4><h4 style=\"transition-property: all;\">\u00a0<\/h4><h4 style=\"transition-property: all;\">With more than a decade of experience in the energy sector, Alejandro has held key positions in both the public and private sectors. He served as Vice President of Hydrocarbon Contracts at the National Hydrocarbon Agency of Colombia from April 2020 to December 2022, where he had previously been an advisor to the Administrative and Financial Subdirectorate and the Legal Advisory Office between 2008 and 2010.\u00a0\u00a0<\/h4><h4 style=\"transition-property: all;\">\u00a0<\/h4><h4 style=\"transition-property: all;\">He has been a legal advisor at Canacol Energy (TS: CNE), for the administration of hydrocarbon exploration, production and marketing contracts, new businesses and relations with partners and government. He has also been a senior partner at the firm Mu\u00f1oz Tamayo &amp; Asociados in the Natural Resources and Energy practice for due diligence processes, mergers and acquisitions of companies in the energy sector.\u00a0<\/h4><h4 style=\"transition-property: all;\">\u00a0<\/h4><h4 style=\"transition-property: all;\">He has been an independent consultant for projects with the International Finance Corporation of the World Bank Group, advisor to trade organizations, university professor in hydrocarbon industry regulations and research professional.<\/h4>\t\t\t\t\t\t\t\t<\/div>\n\t\t\t\t<\/div>\n\t\t\t\t<\/div>\n\t\t\t\t\t<\/div>\n\t\t\t\t<\/div>\n\t\t<div class=\"elementor-element elementor-element-b87cae3 e-flex e-con-boxed e-con e-parent\" data-id=\"b87cae3\" data-element_type=\"container\" data-e-type=\"container\">\n\t\t\t\t\t<div class=\"e-con-inner\">\n\t\t<div class=\"elementor-element elementor-element-222070e e-con-full e-flex e-con e-child\" data-id=\"222070e\" data-element_type=\"container\" data-e-type=\"container\">\n\t\t\t\t<div class=\"elementor-element elementor-element-d5b06cd elementor-widget__width-initial elementor-widget-divider--view-line exad-sticky-section-no exad-glass-effect-no elementor-widget elementor-widget-divider\" data-id=\"d5b06cd\" data-element_type=\"widget\" data-e-type=\"widget\" data-widget_type=\"divider.default\">\n\t\t\t\t<div class=\"elementor-widget-container\">\n\t\t\t\t\t\t\t<div class=\"elementor-divider\">\n\t\t\t<span class=\"elementor-divider-separator\">\n\t\t\t\t\t\t<\/span>\n\t\t<\/div>\n\t\t\t\t\t\t<\/div>\n\t\t\t\t<\/div>\n\t\t\t\t<\/div>\n\t\t<div class=\"elementor-element elementor-element-fa5ea34 e-flex e-con-boxed e-con e-child\" data-id=\"fa5ea34\" data-element_type=\"container\" data-e-type=\"container\">\n\t\t\t\t\t<div class=\"e-con-inner\">\n\t\t<div class=\"elementor-element elementor-element-9e55164 e-con-full e-flex e-con e-child\" data-id=\"9e55164\" data-element_type=\"container\" data-e-type=\"container\">\n\t\t\t\t<div class=\"elementor-element elementor-element-04d418c exad-sticky-section-no exad-glass-effect-no elementor-widget elementor-widget-image\" data-id=\"04d418c\" data-element_type=\"widget\" data-e-type=\"widget\" data-widget_type=\"image.default\">\n\t\t\t\t<div class=\"elementor-widget-container\">\n\t\t\t\t\t\t\t\t\t\t\t\t\t\t\t<img loading=\"lazy\" decoding=\"async\" width=\"281\" height=\"456\" src=\"https:\/\/www.cegce.org\/wp-content\/uploads\/2026\/03\/delahoz2.jpg\" class=\"attachment-full size-full wp-image-66028\" alt=\"\" srcset=\"https:\/\/www.cegce.org\/wp-content\/uploads\/2026\/03\/delahoz2.jpg 281w, https:\/\/www.cegce.org\/wp-content\/uploads\/2026\/03\/delahoz2-185x300.jpg 185w, https:\/\/www.cegce.org\/wp-content\/uploads\/2026\/03\/delahoz2-7x12.jpg 7w\" sizes=\"(max-width: 281px) 100vw, 281px\" \/>\t\t\t\t\t\t\t\t\t\t\t\t\t\t\t<\/div>\n\t\t\t\t<\/div>\n\t\t\t\t<\/div>\n\t\t<div class=\"elementor-element elementor-element-d30c9f1 e-con-full e-flex e-con e-child\" data-id=\"d30c9f1\" data-element_type=\"container\" data-e-type=\"container\">\n\t\t\t\t<div class=\"elementor-element elementor-element-00de1e6 exad-sticky-section-no exad-glass-effect-no elementor-widget elementor-widget-text-editor\" data-id=\"00de1e6\" data-element_type=\"widget\" data-e-type=\"widget\" data-widget_type=\"text-editor.default\">\n\t\t\t\t<div class=\"elementor-widget-container\">\n\t\t\t\t\t\t\t\t\t<h4>Abogada. Gerente senior de proyectos con m\u00e1s de 20 a\u00f1os de experiencia liderando portafolios de alto impacto financiados con recursos nacionales e internacionales.<\/h4><h4>\u00a0<\/h4><h4>Amplia trayectoria en sectores de energ\u00eda, hidrocarburos, miner\u00eda, infraestructura y desarrollo social.\u00a0<\/h4><h4>\u00a0<\/h4><h4>Experta en gesti\u00f3n de proyectos complejos, cooperaci\u00f3n internacional, banca multilateral, cumplimiento normativo y liderazgo de equipos multidisciplinarios en entidades del Estado y organismos multilaterales.<\/h4>\t\t\t\t\t\t\t\t<\/div>\n\t\t\t\t<\/div>\n\t\t\t\t<\/div>\n\t\t\t\t\t<\/div>\n\t\t\t\t<\/div>\n\t\t<div class=\"elementor-element elementor-element-838800c e-con-full e-flex e-con e-child\" data-id=\"838800c\" data-element_type=\"container\" data-e-type=\"container\">\n\t\t\t\t<div class=\"elementor-element elementor-element-25c5f8c elementor-widget__width-initial elementor-widget-divider--view-line exad-sticky-section-no exad-glass-effect-no elementor-widget elementor-widget-divider\" data-id=\"25c5f8c\" data-element_type=\"widget\" data-e-type=\"widget\" data-widget_type=\"divider.default\">\n\t\t\t\t<div class=\"elementor-widget-container\">\n\t\t\t\t\t\t\t<div class=\"elementor-divider\">\n\t\t\t<span class=\"elementor-divider-separator\">\n\t\t\t\t\t\t<\/span>\n\t\t<\/div>\n\t\t\t\t\t\t<\/div>\n\t\t\t\t<\/div>\n\t\t\t\t<\/div>\n\t\t\t\t\t<\/div>\n\t\t\t\t<\/div>\n\t\t<div class=\"elementor-element elementor-element-836c334 e-flex e-con-boxed e-con e-parent\" data-id=\"836c334\" data-element_type=\"container\" data-e-type=\"container\">\n\t\t\t\t\t<div class=\"e-con-inner\">\n\t\t<div class=\"elementor-element elementor-element-9fb7f20 e-con-full e-flex e-con e-child\" data-id=\"9fb7f20\" data-element_type=\"container\" data-e-type=\"container\">\n\t\t\t\t<div class=\"elementor-element elementor-element-d7d8479 exad-sticky-section-no exad-glass-effect-no elementor-widget elementor-widget-image\" data-id=\"d7d8479\" data-element_type=\"widget\" data-e-type=\"widget\" data-widget_type=\"image.default\">\n\t\t\t\t<div class=\"elementor-widget-container\">\n\t\t\t\t\t\t\t\t\t\t\t\t\t\t\t<img loading=\"lazy\" decoding=\"async\" width=\"281\" height=\"456\" src=\"https:\/\/www.cegce.org\/wp-content\/uploads\/2024\/09\/neira.jpg\" class=\"attachment-full size-full wp-image-65941\" alt=\"\" srcset=\"https:\/\/www.cegce.org\/wp-content\/uploads\/2024\/09\/neira.jpg 281w, https:\/\/www.cegce.org\/wp-content\/uploads\/2024\/09\/neira-185x300.jpg 185w, https:\/\/www.cegce.org\/wp-content\/uploads\/2024\/09\/neira-7x12.jpg 7w\" sizes=\"(max-width: 281px) 100vw, 281px\" \/>\t\t\t\t\t\t\t\t\t\t\t\t\t\t\t<\/div>\n\t\t\t\t<\/div>\n\t\t\t\t<\/div>\n\t\t<div class=\"elementor-element elementor-element-f018a75 e-con-full e-flex e-con e-child\" data-id=\"f018a75\" data-element_type=\"container\" data-e-type=\"container\">\n\t\t\t\t<div class=\"elementor-element elementor-element-f871745 exad-sticky-section-no exad-glass-effect-no elementor-widget elementor-widget-text-editor\" data-id=\"f871745\" data-element_type=\"widget\" data-e-type=\"widget\" data-widget_type=\"text-editor.default\">\n\t\t\t\t<div class=\"elementor-widget-container\">\n\t\t\t\t\t\t\t\t\t<h4 style=\"transition-property: all;\">He holds a PhD in Energy Transition from the Centre for Energy, Mining and Petroleum Policy and Law (CEPMLP) at the University of Dundee (Scotland), an LLM in Petroleum Policy and Law, and an MSc in International Hydrocarbon Business Administration from the same university. He is a lawyer from the Universidad Externado de Colombia.<\/h4><h4 style=\"transition-property: all;\">\u00a0<\/h4><h4 style=\"transition-property: all;\">He has more than 10 years of professional experience in regulatory, legal and contractual matters in the energy sector, especially in the hydrocarbon sector.<\/h4><h4 style=\"transition-property: all;\">\u00a0<\/h4><h4 style=\"transition-property: all;\">In the public sector, he served as Manager of Legal Affairs and Secretary of the Board of Directors of the National Hydrocarbon Agency. He has been an advisor to the Ministry of Mines on legal matters of energy transition and non-conventional hydrocarbons. He has also served as an advisor for Latin America to the Energy Charter Secretariat (Belgium), an intergovernmental organization that promotes cooperation in energy matters.\u00a0<\/h4><h4 style=\"transition-property: all;\">\u00a0<\/h4><h4 style=\"transition-property: all;\">In the private sector, he has worked as an advisor to companies on hydrocarbon contracting, administration of state contracts, reputational and judicial analysis, among others.\u00a0<\/h4><h4 style=\"transition-property: all;\">\u00a0<\/h4><h4 style=\"transition-property: all;\">He has been a professor and researcher for more than 10 years at the Externado University of Colombia and has published numerous articles in national and international indexed journals. He is a member of the Ibero-American Association of Energy Law - ASIDE, Regional Guest Expert - Energy Trilemma Report - World Energy Council and Member of the Community of Practice - Equitable Framework and Finance for Extractive-Based Countries in Transition - OECD (2023).\u00a0<\/h4>\t\t\t\t\t\t\t\t<\/div>\n\t\t\t\t<\/div>\n\t\t\t\t<div class=\"elementor-element elementor-element-87bb6ac exad-sticky-section-no exad-glass-effect-no elementor-widget elementor-widget-spacer\" data-id=\"87bb6ac\" data-element_type=\"widget\" data-e-type=\"widget\" data-widget_type=\"spacer.default\">\n\t\t\t\t<div class=\"elementor-widget-container\">\n\t\t\t\t\t\t\t<div class=\"elementor-spacer\">\n\t\t\t<div class=\"elementor-spacer-inner\"><\/div>\n\t\t<\/div>\n\t\t\t\t\t\t<\/div>\n\t\t\t\t<\/div>\n\t\t\t\t<\/div>\n\t\t\t\t\t<\/div>\n\t\t\t\t<\/div>\n\t\t\t\t<\/div>","protected":false},"excerpt":{"rendered":"<p>El Centro de Estudios para la Gesti\u00f3n del Carbono y la Energ\u00eda (CEGCE) Es una organizaci\u00f3n sin fines de lucro <span>&#8230;<\/span><\/p>","protected":false},"author":1,"featured_media":0,"parent":0,"menu_order":0,"comment_status":"closed","ping_status":"closed","template":"elementor_header_footer","meta":{"footnotes":""},"class_list":["post-67","page","type-page","status-publish","hentry"],"_links":{"self":[{"href":"https:\/\/www.cegce.org\/en\/wp-json\/wp\/v2\/pages\/67","targetHints":{"allow":["GET"]}}],"collection":[{"href":"https:\/\/www.cegce.org\/en\/wp-json\/wp\/v2\/pages"}],"about":[{"href":"https:\/\/www.cegce.org\/en\/wp-json\/wp\/v2\/types\/page"}],"author":[{"embeddable":true,"href":"https:\/\/www.cegce.org\/en\/wp-json\/wp\/v2\/users\/1"}],"replies":[{"embeddable":true,"href":"https:\/\/www.cegce.org\/en\/wp-json\/wp\/v2\/comments?post=67"}],"version-history":[{"count":276,"href":"https:\/\/www.cegce.org\/en\/wp-json\/wp\/v2\/pages\/67\/revisions"}],"predecessor-version":[{"id":66045,"href":"https:\/\/www.cegce.org\/en\/wp-json\/wp\/v2\/pages\/67\/revisions\/66045"}],"wp:attachment":[{"href":"https:\/\/www.cegce.org\/en\/wp-json\/wp\/v2\/media?parent=67"}],"curies":[{"name":"wp","href":"https:\/\/api.w.org\/{rel}","templated":true}]}}